{"id":646,"date":"2022-11-09T14:20:31","date_gmt":"2022-11-09T14:20:31","guid":{"rendered":"https:\/\/finquespamies.com\/aviso-legal\/"},"modified":"2024-01-11T12:05:50","modified_gmt":"2024-01-11T12:05:50","slug":"aviso-legal","status":"publish","type":"page","link":"https:\/\/finquespamies.com\/es\/aviso-legal\/","title":{"rendered":"Aviso Legal"},"content":{"rendered":"\t\t<div data-elementor-type=\"wp-page\" data-elementor-id=\"646\" class=\"elementor elementor-646 elementor-2\" data-elementor-post-type=\"page\">\n\t\t\t\t\t\t\t\t\t<section class=\"elementor-section elementor-top-section elementor-element elementor-element-a5b4d46 elementor-section-boxed elementor-section-height-default elementor-section-height-default\" data-id=\"a5b4d46\" data-element_type=\"section\" data-settings=\"{&quot;background_background&quot;:&quot;classic&quot;}\">\n\t\t\t\t\t\t\t<div class=\"elementor-background-overlay\"><\/div>\n\t\t\t\t\t\t\t<div class=\"elementor-container elementor-column-gap-default\">\n\t\t\t\t\t<div class=\"elementor-column elementor-col-50 elementor-top-column elementor-element elementor-element-581e1c5\" data-id=\"581e1c5\" data-element_type=\"column\">\n\t\t\t<div class=\"elementor-widget-wrap elementor-element-populated\">\n\t\t\t\t\t\t\t\t<div class=\"elementor-element elementor-element-e22a363 elementor-widget elementor-widget-breadcrumbs\" data-id=\"e22a363\" data-element_type=\"widget\" data-widget_type=\"breadcrumbs.default\">\n\t\t\t\t<div class=\"elementor-widget-container\">\n\t\t\t<link rel=\"stylesheet\" href=\"https:\/\/finquespamies.com\/wp-content\/plugins\/elementor-pro\/assets\/css\/widget-theme-elements.min.css\"><p id=\"breadcrumbs\"><span><span><a href=\"https:\/\/finquespamies.com\/es\/\">Inici<\/a><\/span><\/span><\/p>\t\t<\/div>\n\t\t\t\t<\/div>\n\t\t\t\t<div class=\"elementor-element elementor-element-4ec8518 elementor-widget elementor-widget-heading\" data-id=\"4ec8518\" data-element_type=\"widget\" data-widget_type=\"heading.default\">\n\t\t\t\t<div class=\"elementor-widget-container\">\n\t\t\t<style>\/*! elementor - v3.18.0 - 20-12-2023 *\/\n.elementor-heading-title{padding:0;margin:0;line-height:1}.elementor-widget-heading .elementor-heading-title[class*=elementor-size-]>a{color:inherit;font-size:inherit;line-height:inherit}.elementor-widget-heading .elementor-heading-title.elementor-size-small{font-size:15px}.elementor-widget-heading .elementor-heading-title.elementor-size-medium{font-size:19px}.elementor-widget-heading .elementor-heading-title.elementor-size-large{font-size:29px}.elementor-widget-heading .elementor-heading-title.elementor-size-xl{font-size:39px}.elementor-widget-heading .elementor-heading-title.elementor-size-xxl{font-size:59px}<\/style><h1 class=\"elementor-heading-title elementor-size-default\">Aviso Legal<\/h1>\t\t<\/div>\n\t\t\t\t<\/div>\n\t\t\t\t\t<\/div>\n\t\t<\/div>\n\t\t\t\t<div class=\"elementor-column elementor-col-50 elementor-top-column elementor-element elementor-element-3fe5499\" data-id=\"3fe5499\" data-element_type=\"column\">\n\t\t\t<div class=\"elementor-widget-wrap\">\n\t\t\t\t\t\t\t\t\t<\/div>\n\t\t<\/div>\n\t\t\t\t\t\t\t<\/div>\n\t\t<\/section>\n\t\t\t\t<section class=\"elementor-section elementor-top-section elementor-element elementor-element-165c32e7 elementor-section-boxed elementor-section-height-default elementor-section-height-default\" data-id=\"165c32e7\" data-element_type=\"section\">\n\t\t\t\t\t\t<div class=\"elementor-container elementor-column-gap-default\">\n\t\t\t\t\t<div class=\"elementor-column elementor-col-100 elementor-top-column elementor-element elementor-element-59a04e46\" data-id=\"59a04e46\" data-element_type=\"column\">\n\t\t\t<div class=\"elementor-widget-wrap elementor-element-populated\">\n\t\t\t\t\t\t\t\t<div class=\"elementor-element elementor-element-654ce6b6 elementor-widget elementor-widget-text-editor\" data-id=\"654ce6b6\" data-element_type=\"widget\" data-widget_type=\"text-editor.default\">\n\t\t\t\t<div class=\"elementor-widget-container\">\n\t\t\t<style>\/*! elementor - v3.18.0 - 20-12-2023 *\/\n.elementor-widget-text-editor.elementor-drop-cap-view-stacked .elementor-drop-cap{background-color:#69727d;color:#fff}.elementor-widget-text-editor.elementor-drop-cap-view-framed .elementor-drop-cap{color:#69727d;border:3px solid;background-color:transparent}.elementor-widget-text-editor:not(.elementor-drop-cap-view-default) .elementor-drop-cap{margin-top:8px}.elementor-widget-text-editor:not(.elementor-drop-cap-view-default) .elementor-drop-cap-letter{width:1em;height:1em}.elementor-widget-text-editor .elementor-drop-cap{float:left;text-align:center;line-height:1;font-size:50px}.elementor-widget-text-editor .elementor-drop-cap-letter{display:inline-block}<\/style>\t\t\t\t<p>Est\u00e1s en un espacio comprometido con los derechos de sus usuarios y por esta raz\u00f3n, tendr\u00e1s m\u00e1xima transparencia y rigor sobre todo que necesitas saber sobre esta web.<\/p>\n<p>Esta web cumple rigurosamente con la Ley Org\u00e1nica 3\/2018, de 5 de diciembre, de Protecci\u00f3n de Datos Personales y garant\u00eda de los derechos digitales (LOPDGDD). Cumple tambi\u00e9n con el Reglamento (UE) 2016\/679 del Parlamento Europeo y del Consejo de 27 de abril de 2016 relativo a la protecci\u00f3n de las personas f\u00edsicas (RGPD), as\u00ed como con la Ley 34\/2002, de 11 de julio, de Servicios de la Sociedad de la Informaci\u00f3n y Comercio Electr\u00f3nico (LSSICE o LSSI).<\/p>\n<p>Los servicios y\/o productos est\u00e1n disponibles s\u00f3lo para las personas jur\u00eddicas y las personas que tengan 16 a\u00f1os.<\/p>\n<h2>Identificador del responsable de la web<\/h2>\n<ul>\n<li><strong>Denominaci\u00f3n social:\u00a0<\/strong>FINQUES PAMIES SL<span style=\"color: var( --e-global-color-primary ); font-style: inherit; font-weight: inherit;\">\u00a0<\/span><\/li>\n<li><strong>NIF:\u00a0<\/strong>B65687824<\/li>\n<li><strong>Correo electr\u00f3nico:\u00a0<\/strong>info@finquespamies.cat<\/li>\n<li><strong>Domicilio social:\u00a0<\/strong>C\/ NOU DE LA RAMBLA, 129 P.BA PTA.2. 08004, BARCELONA, BARCELONA <\/li>\n<li><strong>Su actividad social es:\u00a0<\/strong>LAS ACTIVIDADES PROPIAS DE UNA ADMINISTRACION DE FINCAS<\/li>\n<\/ul>\n\t\t\t\t\t\t<\/div>\n\t\t\t\t<\/div>\n\t\t\t\t<div class=\"elementor-element elementor-element-5a5877ca elementor-widget elementor-widget-text-editor\" data-id=\"5a5877ca\" data-element_type=\"widget\" data-widget_type=\"text-editor.default\">\n\t\t\t\t<div class=\"elementor-widget-container\">\n\t\t\t\t\t\t\t<h2>\u00bfTe preocupan tus datos personales?<\/h2>\r\n<p>Lee la <a href=\"https:\/\/finquespamies.com\/politica-privacidad\/\">Pol\u00edtica de Privacidad<\/a>.&nbsp;<\/p>\r\n<h2>Compromisos y obligaciones de los usuarios<\/h2>\r\n<p>El usuario queda informado, y acepta, que el acceso a la presente web no supone, en modo alguno, el inicio de una relaci\u00f3n comercial con FINQUES PAMIES SL. De esta forma, el usuario se compromete a utilizar el sitio web, sus servicios y contenidos sin contravenir la legislaci\u00f3n vigente, la buena fe y el orden p\u00fablico.<\/p>\r\n<p>Queda prohibido el uso de la web, con fines il\u00edcitos o lesivos, o que, de cualquier forma, puedan causar perjuicio o impedir el normal funcionamiento del sitio web. Respecto de los contenidos de esta web, se proh\u00edbe:<\/p>\r\n<ul>\r\n<li>Su reproducci\u00f3n, distribuci\u00f3n o modificaci\u00f3n, total o parcial, a menos que se cuente con mi autorizaci\u00f3n como leg\u00edtimo titular.<\/li>\r\n<li>Cualquier vulneraci\u00f3n de los derechos del prestador o de mi como leg\u00edtimo titular.<\/li>\r\n<li>Su utilizaci\u00f3n para fines comerciales o publicitarios.<\/li>\r\n<\/ul>\r\n<p>En la utilizaci\u00f3n de la web https:\/\/finquespamies.com\/&nbsp;&nbsp;el usuario se compromete a no llevar a cabo ninguna conducta que pudiera da\u00f1ar la imagen, los intereses y los derechos de FINQUES PAMIES SL&nbsp;o de terceros, o que pudiera da\u00f1ar, inutilizar o sobrecargar el portal https:\/\/finquespamies.com\/, o que impidiera, de cualquier forma, la normal utilizaci\u00f3n de la web.<\/p>\r\n<p>No obstante, el usuario debe ser consciente de que las medidas de seguridad de los sistemas inform\u00e1ticos en Internet no son enteramente fiables y que, por tanto, https:\/\/finquespamies.com\/&nbsp;no puede garantizar la inexistencia de malware u otros elementos que puedan producir alteraciones en los sistemas inform\u00e1ticos (software y hardware) del usuario o en sus documentos electr\u00f3nicos y ficheros contenidos en los mismos, aunque pongo todos los medios necesarios y las medidas de seguridad oportunas para evitar la presencia de estos elementos da\u00f1inos.<\/p>\r\n<h2>Medidas de seguridad<\/h2>\r\n<p>Los datos personales comunicados por el usuario a FINQUES PAMIES SL&nbsp;pueden ser almacenados en bases de datos automatizadas o no, cuya titularidad corresponde en exclusiva a FINQUES PAMIES SL, asumiendo \u00e9sta todas las medidas de \u00edndole t\u00e9cnica, organizativa y de seguridad que garantizan la confidencialidad, integridad y calidad de la informaci\u00f3n contenida en las mismas de acuerdo con lo establecido en la normativa vigente en protecci\u00f3n de datos.<\/p>\r\n<p>La comunicaci\u00f3n entre los usuarios y https:\/\/finquespamies.com\/ utiliza un canal seguro, y los datos transmitidos son cifrados gracias al protocolo https, por tanto, dispongo las mejores condiciones de seguridad para que la confidencialidad de los usuarios est\u00e9 garantizada.<\/p>\r\n<h2>Plataforma de resoluci\u00f3n de conflictos<\/h2>\r\n<p>Pongo tambi\u00e9n a disposici\u00f3n de los usuarios la plataforma de resoluci\u00f3n de litigios que facilita la Comisi\u00f3n Europea y que se encuentra disponible en el siguiente enlace: <a href=\"http:\/\/ec.europa.eu\/consumers\/odr\/\">http:\/\/ec.europa.eu\/consumers\/odr\/<\/a>&nbsp;<\/p>\r\n<p><span style=\"color: var( --e-global-color-18b2dc1 ); font-size: 28px;\">Enlaces externos<\/span><\/p>\r\n<p>Las p\u00e1ginas de la web https:\/\/finquespamies.com\/ proporcionan enlaces a otros sitios web propios y contenidos que son propiedad de terceros tales como:<\/p>\r\n<ul>\r\n<li>Google<\/li>\r\n<li>El Pa\u00eds<\/li>\r\n<li>El Mundo<\/li>\r\n<li>Wikipedia<\/li>\r\n<\/ul>\r\n<p>El \u00fanico objeto de los enlaces es proporcionar al usuario la posibilidad de acceder a dichos enlaces.<\/p>\r\n<p><span style=\"color: var( --e-global-color-primary );\">FINQUES PAMIES SL<\/span>&nbsp;no se responsabiliza en ning\u00fan caso de los resultados que puedan derivarse al usuario por acceso a dichos enlaces.<\/p>\r\n<p>Asimismo, el usuario encontrar\u00e1 dentro de este sitio, p\u00e1ginas, promociones, programas de afiliados que acceden a los h\u00e1bitos de navegaci\u00f3n de los usuarios para establecer perfiles. Esta informaci\u00f3n siempre es an\u00f3nima y no se identifica al usuario.<\/p>\r\n<p>La informaci\u00f3n que se proporcione en estos sitios patrocinados o enlaces de afiliados <strong>est\u00e1 sujeta a las pol\u00edticas de privacidad que se utilicen en dichos sitios<\/strong> y no estar\u00e1 sujeta a nuestra Pol\u00edtica de Privacidad. Por lo que recomiendo ampliamente a los usuarios revisar detalladamente las pol\u00edticas de privacidad de los enlaces de afiliados.<\/p>\r\n<h2>Exclusi\u00f3n de garant\u00edas y responsable<\/h2>\r\n<p><span style=\"color: var( --e-global-color-primary );\">FINQUES PAMIES SL<\/span>&nbsp;no otorga ninguna garant\u00eda ni se hace responsable, en ning\u00fan caso, de los da\u00f1os y perjuicios de cualquier naturaleza que pudieran traer causa de:<\/p>\r\n<ul>\r\n<li>La falta de disponibilidad, mantenimiento y efectivo funcionamiento de la web, o de sus servicios y contenidos.<\/li>\r\n<li>La existencia de malware, programas maliciosos o lesivos en los contenidos.<\/li>\r\n<li>El uso il\u00edcito, negligente, fraudulento o contrario a este Aviso Legal.<\/li>\r\n<li>La falta de licitud, calidad, fiabilidad, utilidad y disponibilidad de los servicios prestados por terceros y puestos a disposici\u00f3n de los usuarios en el sitio web.<\/li>\r\n<li>El prestador no se hace responsable bajo ning\u00fan concepto de los da\u00f1os que pudieran dimanar del uso ilegal o indebido de la presente p\u00e1gina web.<\/li>\r\n<\/ul>\r\n<h2>Ley aplicable y jurisdicci\u00f3n<\/h2>\r\n<p>Con car\u00e1cter general las relaciones entre FINQUES PAMIES SL&nbsp;y los usuarios de sus servicios telem\u00e1ticos presentes en esta web, se encuentran sometidas a la legislaci\u00f3n y jurisdicci\u00f3n espa\u00f1olas y a los tribunales de Barcelona.<\/p>\r\n<p>En caso de que cualquier usuario tuviese alguna duda acerca de las condiciones de este Aviso Legal o cualquier comentario sobre el portal https:\/\/finquespamies.com\/, por favor dir\u00edjase a info@finquespamies.cat.<\/p>\r\n<p>El Aviso Legal ha sido actualizado por \u00faltima vez el [current_date].c<\/p>\t\t\t\t\t\t<\/div>\n\t\t\t\t<\/div>\n\t\t\t\t\t<\/div>\n\t\t<\/div>\n\t\t\t\t\t\t\t<\/div>\n\t\t<\/section>\n\t\t\t\t\t\t\t<\/div>\n\t\t","protected":false},"excerpt":{"rendered":"<p>Est\u00e1s en un espacio comprometido con los derechos de sus usuarios y por esta raz\u00f3n, tendr\u00e1s m\u00e1xima transparencia y rigor sobre todo que necesitas saber sobre esta web. Esta web cumple rigurosamente con la Ley Org\u00e1nica 3\/2018, de 5 de diciembre, de Protecci\u00f3n de Datos Personales y garant\u00eda de los derechos digitales (LOPDGDD). Cumple tambi\u00e9n [&hellip;]<\/p>\n","protected":false},"author":1,"featured_media":0,"parent":0,"menu_order":0,"comment_status":"closed","ping_status":"closed","template":"elementor_header_footer","meta":{"site-sidebar-layout":"no-sidebar","site-content-layout":"page-builder","ast-site-content-layout":"","site-content-style":"default","site-sidebar-style":"default","ast-global-header-display":"","ast-banner-title-visibility":"","ast-main-header-display":"","ast-hfb-above-header-display":"","ast-hfb-below-header-display":"","ast-hfb-mobile-header-display":"","site-post-title":"disabled","ast-breadcrumbs-content":"","ast-featured-img":"disabled","footer-sml-layout":"","theme-transparent-header-meta":"default","adv-header-id-meta":"","stick-header-meta":"","header-above-stick-meta":"","header-main-stick-meta":"","header-below-stick-meta":"","astra-migrate-meta-layouts":"default","ast-page-background-enabled":"default","ast-page-background-meta":{"desktop":{"background-color":"var(--ast-global-color-4)","background-image":"","background-repeat":"repeat","background-position":"center center","background-size":"auto","background-attachment":"scroll","background-type":"","background-media":"","overlay-type":"","overlay-color":"","overlay-gradient":""},"tablet":{"background-color":"","background-image":"","background-repeat":"repeat","background-position":"center center","background-size":"auto","background-attachment":"scroll","background-type":"","background-media":"","overlay-type":"","overlay-color":"","overlay-gradient":""},"mobile":{"background-color":"","background-image":"","background-repeat":"repeat","background-position":"center center","background-size":"auto","background-attachment":"scroll","background-type":"","background-media":"","overlay-type":"","overlay-color":"","overlay-gradient":""}},"ast-content-background-meta":{"desktop":{"background-color":"var(--ast-global-color-5)","background-image":"","background-repeat":"repeat","background-position":"center center","background-size":"auto","background-attachment":"scroll","background-type":"","background-media":"","overlay-type":"","overlay-color":"","overlay-gradient":""},"tablet":{"background-color":"var(--ast-global-color-5)","background-image":"","background-repeat":"repeat","background-position":"center center","background-size":"auto","background-attachment":"scroll","background-type":"","background-media":"","overlay-type":"","overlay-color":"","overlay-gradient":""},"mobile":{"background-color":"var(--ast-global-color-5)","background-image":"","background-repeat":"repeat","background-position":"center center","background-size":"auto","background-attachment":"scroll","background-type":"","background-media":"","overlay-type":"","overlay-color":"","overlay-gradient":""}},"footnotes":""},"yoast_head":"<!-- This site is optimized with the Yoast SEO plugin v21.8 - https:\/\/yoast.com\/wordpress\/plugins\/seo\/ -->\n<title>Aviso Legal | FINQUES P\u00c0MIES<\/title>\n<meta name=\"robots\" content=\"noindex, follow\" \/>\n<meta property=\"og:locale\" content=\"es_ES\" \/>\n<meta property=\"og:type\" content=\"article\" \/>\n<meta property=\"og:title\" content=\"Aviso Legal | FINQUES P\u00c0MIES\" \/>\n<meta property=\"og:description\" content=\"Est\u00e1s en un espacio comprometido con los derechos de sus usuarios y por esta raz\u00f3n, tendr\u00e1s m\u00e1xima transparencia y rigor sobre todo que necesitas saber sobre esta web. Esta web cumple rigurosamente con la Ley Org\u00e1nica 3\/2018, de 5 de diciembre, de Protecci\u00f3n de Datos Personales y garant\u00eda de los derechos digitales (LOPDGDD). Cumple tambi\u00e9n [&hellip;]\" \/>\n<meta property=\"og:url\" content=\"https:\/\/finquespamies.com\/es\/aviso-legal\/\" \/>\n<meta property=\"og:site_name\" content=\"FINQUES P\u00c0MIES\" \/>\n<meta property=\"article:modified_time\" content=\"2024-01-11T12:05:50+00:00\" \/>\n<meta name=\"twitter:card\" content=\"summary_large_image\" \/>\n<meta name=\"twitter:label1\" content=\"Tiempo de lectura\" \/>\n\t<meta name=\"twitter:data1\" content=\"6 minutos\" \/>\n<script type=\"application\/ld+json\" class=\"yoast-schema-graph\">{\"@context\":\"https:\/\/schema.org\",\"@graph\":[{\"@type\":\"WebPage\",\"@id\":\"https:\/\/finquespamies.com\/es\/aviso-legal\/\",\"url\":\"https:\/\/finquespamies.com\/es\/aviso-legal\/\",\"name\":\"Aviso Legal | FINQUES P\u00c0MIES\",\"isPartOf\":{\"@id\":\"https:\/\/finquespamies.com\/es\/#website\"},\"datePublished\":\"2022-11-09T14:20:31+00:00\",\"dateModified\":\"2024-01-11T12:05:50+00:00\",\"breadcrumb\":{\"@id\":\"https:\/\/finquespamies.com\/es\/aviso-legal\/#breadcrumb\"},\"inLanguage\":\"es\",\"potentialAction\":[{\"@type\":\"ReadAction\",\"target\":[\"https:\/\/finquespamies.com\/es\/aviso-legal\/\"]}]},{\"@type\":\"BreadcrumbList\",\"@id\":\"https:\/\/finquespamies.com\/es\/aviso-legal\/#breadcrumb\",\"itemListElement\":[{\"@type\":\"ListItem\",\"position\":1,\"name\":\"Inici\",\"item\":\"https:\/\/finquespamies.com\/es\/\"},{\"@type\":\"ListItem\",\"position\":2,\"name\":\"Aviso Legal\"}]},{\"@type\":\"WebSite\",\"@id\":\"https:\/\/finquespamies.com\/es\/#website\",\"url\":\"https:\/\/finquespamies.com\/es\/\",\"name\":\"FINQUES P\u00c0MIES\",\"description\":\"Administraci\u00f3 de finques i Gesti\u00f3 de patrimonis al barri del poble sec\",\"publisher\":{\"@id\":\"https:\/\/finquespamies.com\/es\/#organization\"},\"potentialAction\":[{\"@type\":\"SearchAction\",\"target\":{\"@type\":\"EntryPoint\",\"urlTemplate\":\"https:\/\/finquespamies.com\/es\/?s={search_term_string}\"},\"query-input\":\"required name=search_term_string\"}],\"inLanguage\":\"es\"},{\"@type\":\"Organization\",\"@id\":\"https:\/\/finquespamies.com\/es\/#organization\",\"name\":\"FINQUES P\u00c0MIES\",\"url\":\"https:\/\/finquespamies.com\/es\/\",\"logo\":{\"@type\":\"ImageObject\",\"inLanguage\":\"es\",\"@id\":\"https:\/\/finquespamies.com\/es\/#\/schema\/logo\/image\/\",\"url\":\"https:\/\/finquespamies.com\/wp-content\/uploads\/2023\/07\/finques-panies-logo.png\",\"contentUrl\":\"https:\/\/finquespamies.com\/wp-content\/uploads\/2023\/07\/finques-panies-logo.png\",\"width\":1848,\"height\":566,\"caption\":\"FINQUES P\u00c0MIES\"},\"image\":{\"@id\":\"https:\/\/finquespamies.com\/es\/#\/schema\/logo\/image\/\"}}]}<\/script>\n<!-- \/ Yoast SEO plugin. -->","yoast_head_json":{"title":"Aviso Legal | FINQUES P\u00c0MIES","robots":{"index":"noindex","follow":"follow"},"og_locale":"es_ES","og_type":"article","og_title":"Aviso Legal | FINQUES P\u00c0MIES","og_description":"Est\u00e1s en un espacio comprometido con los derechos de sus usuarios y por esta raz\u00f3n, tendr\u00e1s m\u00e1xima transparencia y rigor sobre todo que necesitas saber sobre esta web. Esta web cumple rigurosamente con la Ley Org\u00e1nica 3\/2018, de 5 de diciembre, de Protecci\u00f3n de Datos Personales y garant\u00eda de los derechos digitales (LOPDGDD). Cumple tambi\u00e9n [&hellip;]","og_url":"https:\/\/finquespamies.com\/es\/aviso-legal\/","og_site_name":"FINQUES P\u00c0MIES","article_modified_time":"2024-01-11T12:05:50+00:00","twitter_card":"summary_large_image","twitter_misc":{"Tiempo de lectura":"6 minutos"},"schema":{"@context":"https:\/\/schema.org","@graph":[{"@type":"WebPage","@id":"https:\/\/finquespamies.com\/es\/aviso-legal\/","url":"https:\/\/finquespamies.com\/es\/aviso-legal\/","name":"Aviso Legal | FINQUES P\u00c0MIES","isPartOf":{"@id":"https:\/\/finquespamies.com\/es\/#website"},"datePublished":"2022-11-09T14:20:31+00:00","dateModified":"2024-01-11T12:05:50+00:00","breadcrumb":{"@id":"https:\/\/finquespamies.com\/es\/aviso-legal\/#breadcrumb"},"inLanguage":"es","potentialAction":[{"@type":"ReadAction","target":["https:\/\/finquespamies.com\/es\/aviso-legal\/"]}]},{"@type":"BreadcrumbList","@id":"https:\/\/finquespamies.com\/es\/aviso-legal\/#breadcrumb","itemListElement":[{"@type":"ListItem","position":1,"name":"Inici","item":"https:\/\/finquespamies.com\/es\/"},{"@type":"ListItem","position":2,"name":"Aviso Legal"}]},{"@type":"WebSite","@id":"https:\/\/finquespamies.com\/es\/#website","url":"https:\/\/finquespamies.com\/es\/","name":"FINQUES P\u00c0MIES","description":"Administraci\u00f3 de finques i Gesti\u00f3 de patrimonis al barri del poble sec","publisher":{"@id":"https:\/\/finquespamies.com\/es\/#organization"},"potentialAction":[{"@type":"SearchAction","target":{"@type":"EntryPoint","urlTemplate":"https:\/\/finquespamies.com\/es\/?s={search_term_string}"},"query-input":"required name=search_term_string"}],"inLanguage":"es"},{"@type":"Organization","@id":"https:\/\/finquespamies.com\/es\/#organization","name":"FINQUES P\u00c0MIES","url":"https:\/\/finquespamies.com\/es\/","logo":{"@type":"ImageObject","inLanguage":"es","@id":"https:\/\/finquespamies.com\/es\/#\/schema\/logo\/image\/","url":"https:\/\/finquespamies.com\/wp-content\/uploads\/2023\/07\/finques-panies-logo.png","contentUrl":"https:\/\/finquespamies.com\/wp-content\/uploads\/2023\/07\/finques-panies-logo.png","width":1848,"height":566,"caption":"FINQUES P\u00c0MIES"},"image":{"@id":"https:\/\/finquespamies.com\/es\/#\/schema\/logo\/image\/"}}]}},"_links":{"self":[{"href":"https:\/\/finquespamies.com\/es\/wp-json\/wp\/v2\/pages\/646"}],"collection":[{"href":"https:\/\/finquespamies.com\/es\/wp-json\/wp\/v2\/pages"}],"about":[{"href":"https:\/\/finquespamies.com\/es\/wp-json\/wp\/v2\/types\/page"}],"author":[{"embeddable":true,"href":"https:\/\/finquespamies.com\/es\/wp-json\/wp\/v2\/users\/1"}],"replies":[{"embeddable":true,"href":"https:\/\/finquespamies.com\/es\/wp-json\/wp\/v2\/comments?post=646"}],"version-history":[{"count":1,"href":"https:\/\/finquespamies.com\/es\/wp-json\/wp\/v2\/pages\/646\/revisions"}],"predecessor-version":[{"id":647,"href":"https:\/\/finquespamies.com\/es\/wp-json\/wp\/v2\/pages\/646\/revisions\/647"}],"wp:attachment":[{"href":"https:\/\/finquespamies.com\/es\/wp-json\/wp\/v2\/media?parent=646"}],"curies":[{"name":"wp","href":"https:\/\/api.w.org\/{rel}","templated":true}]}}